{"id":3982,"date":"2021-04-06T15:44:50","date_gmt":"2021-04-06T13:44:50","guid":{"rendered":"https:\/\/www.fondazionemariabonino.it\/des-dons\/"},"modified":"2021-05-03T10:18:57","modified_gmt":"2021-05-03T08:18:57","slug":"des-dons","status":"publish","type":"page","link":"https:\/\/www.fondazionemariabonino.it\/fr\/des-dons\/","title":{"rendered":"Des dons"},"content":{"rendered":"<p><div class=\"fusion-fullwidth fullwidth-box fusion-builder-row-1 hundred-percent-fullwidth non-hundred-percent-height-scrolling fusion-equal-height-columns\" style=\"background-color: rgba(255,255,255,0);background-position: left top;background-repeat: no-repeat;padding-top:0px;padding-right:0px;padding-bottom:0px;padding-left:0px;margin-bottom: 0px;margin-top: 0px;border-width: 0px 0px 0px 0px;border-color:#eae9e9;border-style:solid;\" ><div class=\"fusion-builder-row fusion-row\"><div class=\"fusion-layout-column fusion_builder_column fusion-builder-column-0 fusion_builder_column_2_3 2_3 fusion-two-third fusion-column-first\" style=\"margin-top:0px;margin-bottom:0px;\"><div class=\"fusion-column-wrapper fusion-flex-column-wrapper-legacy\" style=\"background-position:left top;background-repeat:no-repeat;-webkit-background-size:cover;-moz-background-size:cover;-o-background-size:cover;background-size:cover;background-color:#f5f5f5;padding: 100px 10% 100px 10%;\"><div class=\"fusion-column-content-centered\"><div class=\"fusion-column-content\"><div class=\"fusion-text fusion-text-1\"><h2 style=\"text-align: left;\">AVEC NOUS POUR LA SANT\u00c9 DES M\u00c8RES ET DES ENFANTS EN AFRIQUE AU SUD DU SAHARA<\/h2>\n<\/div><div class=\"fusion-sep-clear\"><\/div><div class=\"fusion-separator fusion-clearfix\" style=\"float:left;margin-top:0px;margin-bottom:40px;width:100%;max-width:200px;\"><div class=\"fusion-separator-border sep-single sep-solid\" style=\"border-color:#fec96b;border-top-width:3px;\"><\/div><\/div><div class=\"fusion-sep-clear\"><\/div><div class=\"fusion-text fusion-text-2\"><p style=\"text-align: left;\">Une combattante et une r\u00eaveuse: c&rsquo;est ainsi que vivait Maria Bonino. En soutenant la Fondation, nous voudrions faire de son r\u00eave le r\u00eave de tous, et lutter pour qu&rsquo;il ne le reste pas.<\/p>\n<p style=\"text-align: left;\">De nombreuses gouttes font un ruisseau, puis une rivi\u00e8re, et enfin la mer: chaque contribution, m\u00eame la plus petite, sert \u00e0 r\u00e9aliser nos projets.<\/p>\n<p style=\"text-align: left;\"><strong>D\u00e9couvrez comment vous pouvez soutenir la Fondation Maria Bonino.<\/strong><\/p>\n<\/div><div class=\"fusion-sep-clear\"><\/div><div class=\"fusion-separator fusion-full-width-sep\" style=\"margin-left: auto;margin-right: auto;margin-top:20px;width:100%;\"><\/div><div class=\"fusion-sep-clear\"><\/div><\/div><\/div><div class=\"fusion-clearfix\"><\/div><\/div><\/div><div class=\"fusion-layout-column fusion_builder_column fusion-builder-column-1 fusion_builder_column_1_3 1_3 fusion-one-third fusion-column-last\" style=\"margin-top:0px;margin-bottom:0px;\"><div class=\"fusion-column-wrapper fusion-flex-column-wrapper-legacy fusion-empty-column-bg-image fusion-empty-dims-bg-image\" style=\"background-image: url(&#039;http:\/\/www.fondazionemariabonino.it\/wp-content\/uploads\/2019\/06\/maria-bonino-quote.jpg&#039;);background-position:center center;background-repeat:no-repeat;-webkit-background-size:cover;-moz-background-size:cover;-o-background-size:cover;background-size:cover;padding: 100px 0px 100px 0px;\" data-bg-url=\"http:\/\/www.fondazionemariabonino.it\/wp-content\/uploads\/2019\/06\/maria-bonino-quote.jpg\"><div class=\"fusion-column-content-centered\"><div class=\"fusion-column-content\"><img decoding=\"async\" class=\"fusion-empty-dims-img-placeholder fusion-no-large-visibility\" src=\"data:image\/gif;base64,R0lGODlhAQABAAAAACH5BAEKAAEALAAAAAABAAEAAAICTAEAOw==\"><\/div><\/div><div class=\"fusion-clearfix\"><\/div><\/div><\/div><\/div><\/div><div class=\"fusion-fullwidth fullwidth-box fusion-builder-row-2 nonhundred-percent-fullwidth non-hundred-percent-height-scrolling\" style=\"background-color: rgba(255,255,255,0);background-position: center center;background-repeat: no-repeat;padding-top:0px;padding-right:0px;padding-bottom:0px;padding-left:0px;margin-bottom: 0px;margin-top: 120px;border-width: 0px 0px 0px 0px;border-color:#eae9e9;border-style:solid;\" ><div class=\"fusion-builder-row fusion-row\"><div class=\"fusion-layout-column fusion_builder_column fusion-builder-column-2 fusion_builder_column_1_1 1_1 fusion-one-full fusion-column-first fusion-column-last\" style=\"margin-top:0px;margin-bottom:20px;\"><div class=\"fusion-column-wrapper fusion-flex-column-wrapper-legacy\" style=\"background-position:left top;background-repeat:no-repeat;-webkit-background-size:cover;-moz-background-size:cover;-o-background-size:cover;background-size:cover;padding: 0px 3% 0px 3%;\"><div class=\"fusion-clearfix\"><\/div><\/div><\/div><div class=\"fusion-layout-column fusion_builder_column fusion-builder-column-3 fusion_builder_column_1_1 1_1 fusion-one-full fusion-column-first fusion-column-last\" style=\"margin-top:0px;margin-bottom:20px;\"><div class=\"fusion-column-wrapper fusion-flex-column-wrapper-legacy\" style=\"background-position:left top;background-repeat:no-repeat;-webkit-background-size:cover;-moz-background-size:cover;-o-background-size:cover;background-size:cover;padding: 0px 0px 0px 0px;\"><div class=\"fusion-tabs fusion-tabs-1 classic nav-not-justified horizontal-tabs icon-position-left\"><style type=\"text\/css\">.fusion-tabs.fusion-tabs-1 .nav-tabs li a.tab-link{border-top-color:#ebeaea;background-color:#ebeaea;}.fusion-tabs.fusion-tabs-1 .nav-tabs{background-color:#ffffff;}.fusion-tabs.fusion-tabs-1 .nav-tabs li.active a.tab-link,.fusion-tabs.fusion-tabs-1 .nav-tabs li.active a.tab-link:hover,.fusion-tabs.fusion-tabs-1 .nav-tabs li.active a.tab-link:focus{border-right-color:#ffffff;}.fusion-tabs.fusion-tabs-1 .nav-tabs li.active a.tab-link,.fusion-tabs.fusion-tabs-1 .nav-tabs li.active a.tab-link:hover,.fusion-tabs.fusion-tabs-1 .nav-tabs li.active a.tab-link:focus{background-color:#ffffff;}.fusion-tabs.fusion-tabs-1 .nav-tabs li a:hover{background-color:#ffffff;border-top-color:#ffffff;}.fusion-tabs.fusion-tabs-1 .tab-pane{background-color:#ffffff;}.fusion-tabs.fusion-tabs-1 .nav,.fusion-tabs.fusion-tabs-1 .nav-tabs,.fusion-tabs.fusion-tabs-1 .tab-content .tab-pane{border-color:#9b1820;}<\/style><div class=\"nav\"><ul class=\"nav-tabs\" role=\"tablist\"><li class=\"active\" role=\"presentation\"><a class=\"tab-link\" data-toggle=\"tab\" role=\"tab\" aria-controls=\"tab-8aaf23bf697f208422c\" aria-selected=\"true\" id=\"fusion-tab-paypal\" href=\"#tab-8aaf23bf697f208422c\"><h4 class=\"fusion-tab-heading\"><i class=\"fontawesome-icon fa-paypal fab\" aria-hidden=\"true\" style=\"font-size:13px;\"><\/i>PayPal<\/h4><\/a><\/li><li role=\"presentation\"><a class=\"tab-link\" data-toggle=\"tab\" role=\"tab\" aria-controls=\"tab-7868c93ccb384dac952\" aria-selected=\"false\" tabindex=\"-1\" id=\"fusion-tab-comptebancaire\" href=\"#tab-7868c93ccb384dac952\"><h4 class=\"fusion-tab-heading\"><i class=\"fontawesome-icon fa-university fas\" aria-hidden=\"true\" style=\"font-size:13px;\"><\/i>Compte bancaire<\/h4><\/a><\/li><li role=\"presentation\"><a class=\"tab-link\" data-toggle=\"tab\" role=\"tab\" aria-controls=\"tab-dafda2c9854986b22f9\" aria-selected=\"false\" tabindex=\"-1\" id=\"fusion-tab-facebook\" href=\"#tab-dafda2c9854986b22f9\"><h4 class=\"fusion-tab-heading\"><i class=\"fontawesome-icon fa-facebook-square fab\" aria-hidden=\"true\" style=\"font-size:13px;\"><\/i>Facebook<\/h4><\/a><\/li><\/ul><\/div><div class=\"tab-content\"><div class=\"nav fusion-mobile-tab-nav\"><ul class=\"nav-tabs\" role=\"tablist\"><li class=\"active\" role=\"presentation\"><a class=\"tab-link\" data-toggle=\"tab\" role=\"tab\" aria-controls=\"tab-8aaf23bf697f208422c\" aria-selected=\"true\" id=\"mobile-fusion-tab-paypal\" href=\"#tab-8aaf23bf697f208422c\"><h4 class=\"fusion-tab-heading\"><i class=\"fontawesome-icon fa-paypal fab\" aria-hidden=\"true\" style=\"font-size:13px;\"><\/i>PayPal<\/h4><\/a><\/li><\/ul><\/div><div class=\"tab-pane fade fusion-clearfix in active\" role=\"tabpanel\" tabindex=\"0\" aria-labelledby=\"fusion-tab-paypal\" id=\"tab-8aaf23bf697f208422c\"><div class=\"fusion-sep-clear\"><\/div><div class=\"fusion-separator fusion-full-width-sep\" style=\"margin-left: auto;margin-right: auto;margin-top:30px;width:100%;\"><\/div><div class=\"fusion-sep-clear\"><\/div>\n<h4>Faites un don en ligne via PayPal, rapidement et en toute s\u00e9curit\u00e9<\/h4>\n<div class=\"fusion-sep-clear\"><\/div><div class=\"fusion-separator fusion-full-width-sep\" style=\"margin-left: auto;margin-right: auto;margin-top:30px;width:100%;\"><\/div><div class=\"fusion-sep-clear\"><\/div>\n<div style=\"text-align: center;\"><div class=\"fusion-button-wrapper\"><style>.fusion-button.button-1{border-radius:0px 0px 0px 0px;}<\/style><a class=\"fusion-button button-flat fusion-button-default-size button-default button-1 fusion-button-default-span fusion-button-default-type\" target=\"_self\" href=\"https:\/\/www.fondazionemariabonino.it\/donazione-paypal\/\"><span class=\"fusion-button-text\">DONNEZ<\/span><\/a><\/div><\/div>\n<div class=\"fusion-sep-clear\"><\/div><div class=\"fusion-separator fusion-full-width-sep\" style=\"margin-left: auto;margin-right: auto;margin-top:30px;width:100%;\"><\/div><div class=\"fusion-sep-clear\"><\/div><\/div><div class=\"nav fusion-mobile-tab-nav\"><ul class=\"nav-tabs\" role=\"tablist\"><li role=\"presentation\"><a class=\"tab-link\" data-toggle=\"tab\" role=\"tab\" aria-controls=\"tab-7868c93ccb384dac952\" aria-selected=\"false\" tabindex=\"-1\" id=\"mobile-fusion-tab-comptebancaire\" href=\"#tab-7868c93ccb384dac952\"><h4 class=\"fusion-tab-heading\"><i class=\"fontawesome-icon fa-university fas\" aria-hidden=\"true\" style=\"font-size:13px;\"><\/i>Compte bancaire<\/h4><\/a><\/li><\/ul><\/div><div class=\"tab-pane fade fusion-clearfix\" role=\"tabpanel\" tabindex=\"0\" aria-labelledby=\"fusion-tab-comptebancaire\" id=\"tab-7868c93ccb384dac952\"><div class=\"fusion-sep-clear\"><\/div><div class=\"fusion-separator fusion-full-width-sep\" style=\"margin-left: auto;margin-right: auto;margin-top:30px;width:100%;\"><\/div><div class=\"fusion-sep-clear\"><\/div>\n<p style=\"text-align: center;\">Faites un DON en VIREMENT BANCAIRE ou PAIEMENT DIRECT \u00e0:<\/p>\n<h4 style=\"text-align: center;\">BANCA SELLA Succursale 05 \u2013 BIELLA<br \/>\nNUOVA SEDE \u2013 PIAZZA GAUDENZIO SELLA, 1<\/h4>\n<h4 style=\"text-align: center;\">IBAN IT35L0326822310052393173650<\/h4>\n<h4 style=\"text-align: center;\"><strong>Ou \u00e0<br \/>\n<\/strong><br \/>\nBIVERBANCA Agenzia 8 \u2013 BIELLA<br \/>\nVIA LAMARMORA, 1\/b<\/h4>\n<h4 style=\"text-align: center;\">IBAN IT28Z0609022371000016050061<\/h4>\n<h4 style=\"text-align: center;\"><strong>\u00a0<\/strong><\/h4>\n<div class=\"fusion-sep-clear\"><\/div><div class=\"fusion-separator fusion-full-width-sep\" style=\"margin-left: auto;margin-right: auto;margin-top:30px;width:100%;\"><\/div><div class=\"fusion-sep-clear\"><\/div><\/div><div class=\"nav fusion-mobile-tab-nav\"><ul class=\"nav-tabs\" role=\"tablist\"><li role=\"presentation\"><a class=\"tab-link\" data-toggle=\"tab\" role=\"tab\" aria-controls=\"tab-dafda2c9854986b22f9\" aria-selected=\"false\" tabindex=\"-1\" id=\"mobile-fusion-tab-facebook\" href=\"#tab-dafda2c9854986b22f9\"><h4 class=\"fusion-tab-heading\"><i class=\"fontawesome-icon fa-facebook-square fab\" aria-hidden=\"true\" style=\"font-size:13px;\"><\/i>Facebook<\/h4><\/a><\/li><\/ul><\/div><div class=\"tab-pane fade fusion-clearfix\" role=\"tabpanel\" tabindex=\"0\" aria-labelledby=\"fusion-tab-facebook\" id=\"tab-dafda2c9854986b22f9\"><div class=\"fusion-sep-clear\"><\/div><div class=\"fusion-separator fusion-full-width-sep\" style=\"margin-left: auto;margin-right: auto;margin-top:30px;width:100%;\"><\/div><div class=\"fusion-sep-clear\"><\/div>\n<p>Si vous avez un compte Facebook, vous pouvez faire un don ou promouvoir une collecte de fonds en faveur de la Fondation directement sur le r\u00e9seau social.<\/p>\n<p><img decoding=\"async\" class=\"aligncenter size-full wp-image-1297\" src=\"http:\/\/www.fondazionemariabonino.it\/wp-content\/uploads\/2019\/08\/raccolta-fondi-facebook.jpg\" alt=\"\" width=\"500\" height=\"368\" srcset=\"https:\/\/www.fondazionemariabonino.it\/wp-content\/uploads\/2019\/08\/raccolta-fondi-facebook-200x147.jpg 200w, https:\/\/www.fondazionemariabonino.it\/wp-content\/uploads\/2019\/08\/raccolta-fondi-facebook-300x221.jpg 300w, https:\/\/www.fondazionemariabonino.it\/wp-content\/uploads\/2019\/08\/raccolta-fondi-facebook-400x294.jpg 400w, https:\/\/www.fondazionemariabonino.it\/wp-content\/uploads\/2019\/08\/raccolta-fondi-facebook.jpg 500w\" sizes=\"(max-width: 500px) 100vw, 500px\" \/><\/p>\n<div class=\"fusion-sep-clear\"><\/div><div class=\"fusion-separator fusion-full-width-sep\" style=\"margin-left: auto;margin-right: auto;margin-top:30px;width:100%;\"><\/div><div class=\"fusion-sep-clear\"><\/div><\/div><\/div><\/div><div class=\"fusion-sep-clear\"><\/div><div class=\"fusion-separator fusion-full-width-sep\" style=\"margin-left: auto;margin-right: auto;margin-top:30px;width:100%;\"><\/div><div class=\"fusion-sep-clear\"><\/div><div class=\"fusion-clearfix\"><\/div><\/div><\/div><\/div><\/div><\/p>\n","protected":false},"excerpt":{"rendered":"","protected":false},"author":1,"featured_media":0,"parent":0,"menu_order":0,"comment_status":"closed","ping_status":"closed","template":"100-width.php","meta":{"give_campaign_id":0,"footnotes":""},"class_list":["post-3982","page","type-page","status-publish","hentry"],"yoast_head":"<!-- This site is optimized with the Yoast SEO plugin v27.2 - https:\/\/yoast.com\/product\/yoast-seo-wordpress\/ -->\n<title>Des dons - Fondazione Maria Bonino<\/title>\n<meta name=\"description\" content=\"Scegli come sostenere la Fondazione Maria Bonino. Dona e conserva la ricevuta per ottenere gli sgravi fiscali con la dichiarazione dei redditi\" \/>\n<meta name=\"robots\" content=\"index, follow, max-snippet:-1, max-image-preview:large, max-video-preview:-1\" \/>\n<link rel=\"canonical\" href=\"https:\/\/www.fondazionemariabonino.it\/fr\/des-dons\/\" \/>\n<meta property=\"og:locale\" content=\"fr_FR\" \/>\n<meta property=\"og:type\" content=\"article\" \/>\n<meta property=\"og:title\" content=\"Des dons - Fondazione Maria Bonino\" \/>\n<meta property=\"og:description\" content=\"Scegli come sostenere la Fondazione Maria Bonino. Dona e conserva la ricevuta per ottenere gli sgravi fiscali con la dichiarazione dei redditi\" \/>\n<meta property=\"og:url\" content=\"https:\/\/www.fondazionemariabonino.it\/fr\/des-dons\/\" \/>\n<meta property=\"og:site_name\" content=\"Fondazione Maria Bonino\" \/>\n<meta property=\"article:publisher\" content=\"https:\/\/www.facebook.com\/fondazionemariabonino\/\" \/>\n<meta property=\"article:modified_time\" content=\"2021-05-03T08:18:57+00:00\" \/>\n<meta property=\"og:image\" content=\"http:\/\/www.fondazionemariabonino.it\/wp-content\/uploads\/2019\/08\/raccolta-fondi-facebook.jpg\" \/>\n<meta name=\"twitter:card\" content=\"summary_large_image\" \/>\n<meta name=\"twitter:site\" content=\"@fondmariabonino\" \/>\n<meta name=\"twitter:label1\" content=\"Dur\u00e9e de lecture estim\u00e9e\" \/>\n\t<meta name=\"twitter:data1\" content=\"8 minutes\" \/>\n<script type=\"application\/ld+json\" class=\"yoast-schema-graph\">{\"@context\":\"https:\/\/schema.org\",\"@graph\":[{\"@type\":\"WebPage\",\"@id\":\"https:\/\/www.fondazionemariabonino.it\/fr\/des-dons\/\",\"url\":\"https:\/\/www.fondazionemariabonino.it\/fr\/des-dons\/\",\"name\":\"Des dons - Fondazione Maria Bonino\",\"isPartOf\":{\"@id\":\"https:\/\/www.fondazionemariabonino.it\/fr\/#website\"},\"primaryImageOfPage\":{\"@id\":\"https:\/\/www.fondazionemariabonino.it\/fr\/des-dons\/#primaryimage\"},\"image\":{\"@id\":\"https:\/\/www.fondazionemariabonino.it\/fr\/des-dons\/#primaryimage\"},\"thumbnailUrl\":\"http:\/\/www.fondazionemariabonino.it\/wp-content\/uploads\/2019\/08\/raccolta-fondi-facebook.jpg\",\"datePublished\":\"2021-04-06T13:44:50+00:00\",\"dateModified\":\"2021-05-03T08:18:57+00:00\",\"description\":\"Scegli come sostenere la Fondazione Maria Bonino. Dona e conserva la ricevuta per ottenere gli sgravi fiscali con la dichiarazione dei redditi\",\"breadcrumb\":{\"@id\":\"https:\/\/www.fondazionemariabonino.it\/fr\/des-dons\/#breadcrumb\"},\"inLanguage\":\"fr-FR\",\"potentialAction\":[{\"@type\":\"ReadAction\",\"target\":[\"https:\/\/www.fondazionemariabonino.it\/fr\/des-dons\/\"]}]},{\"@type\":\"ImageObject\",\"inLanguage\":\"fr-FR\",\"@id\":\"https:\/\/www.fondazionemariabonino.it\/fr\/des-dons\/#primaryimage\",\"url\":\"http:\/\/www.fondazionemariabonino.it\/wp-content\/uploads\/2019\/08\/raccolta-fondi-facebook.jpg\",\"contentUrl\":\"http:\/\/www.fondazionemariabonino.it\/wp-content\/uploads\/2019\/08\/raccolta-fondi-facebook.jpg\"},{\"@type\":\"BreadcrumbList\",\"@id\":\"https:\/\/www.fondazionemariabonino.it\/fr\/des-dons\/#breadcrumb\",\"itemListElement\":[{\"@type\":\"ListItem\",\"position\":1,\"name\":\"Home\",\"item\":\"https:\/\/www.fondazionemariabonino.it\/fr\/\"},{\"@type\":\"ListItem\",\"position\":2,\"name\":\"Des dons\"}]},{\"@type\":\"WebSite\",\"@id\":\"https:\/\/www.fondazionemariabonino.it\/fr\/#website\",\"url\":\"https:\/\/www.fondazionemariabonino.it\/fr\/\",\"name\":\"Fondazione Maria Bonino\",\"description\":\"Una vita per gli ultimi\",\"publisher\":{\"@id\":\"https:\/\/www.fondazionemariabonino.it\/fr\/#organization\"},\"potentialAction\":[{\"@type\":\"SearchAction\",\"target\":{\"@type\":\"EntryPoint\",\"urlTemplate\":\"https:\/\/www.fondazionemariabonino.it\/fr\/?s={search_term_string}\"},\"query-input\":{\"@type\":\"PropertyValueSpecification\",\"valueRequired\":true,\"valueName\":\"search_term_string\"}}],\"inLanguage\":\"fr-FR\"},{\"@type\":\"Organization\",\"@id\":\"https:\/\/www.fondazionemariabonino.it\/fr\/#organization\",\"name\":\"Fondazione Maria Bonino\",\"url\":\"https:\/\/www.fondazionemariabonino.it\/fr\/\",\"logo\":{\"@type\":\"ImageObject\",\"inLanguage\":\"fr-FR\",\"@id\":\"https:\/\/www.fondazionemariabonino.it\/fr\/#\/schema\/logo\/image\/\",\"url\":\"https:\/\/www.fondazionemariabonino.it\/wp-content\/uploads\/2019\/12\/FMB-logo-2x.png\",\"contentUrl\":\"https:\/\/www.fondazionemariabonino.it\/wp-content\/uploads\/2019\/12\/FMB-logo-2x.png\",\"width\":340,\"height\":240,\"caption\":\"Fondazione Maria Bonino\"},\"image\":{\"@id\":\"https:\/\/www.fondazionemariabonino.it\/fr\/#\/schema\/logo\/image\/\"},\"sameAs\":[\"https:\/\/www.facebook.com\/fondazionemariabonino\/\",\"https:\/\/x.com\/fondmariabonino\",\"https:\/\/www.instagram.com\/fondazionemariabonino\/\",\"https:\/\/www.youtube.com\/channel\/UCzM8eHO_CuFKv0AfBUFvIrQ\",\"https:\/\/it.wikipedia.org\/wiki\/Maria_Bonino\"]}]}<\/script>\n<!-- \/ Yoast SEO plugin. -->","yoast_head_json":{"title":"Des dons - Fondazione Maria Bonino","description":"Scegli come sostenere la Fondazione Maria Bonino. Dona e conserva la ricevuta per ottenere gli sgravi fiscali con la dichiarazione dei redditi","robots":{"index":"index","follow":"follow","max-snippet":"max-snippet:-1","max-image-preview":"max-image-preview:large","max-video-preview":"max-video-preview:-1"},"canonical":"https:\/\/www.fondazionemariabonino.it\/fr\/des-dons\/","og_locale":"fr_FR","og_type":"article","og_title":"Des dons - Fondazione Maria Bonino","og_description":"Scegli come sostenere la Fondazione Maria Bonino. Dona e conserva la ricevuta per ottenere gli sgravi fiscali con la dichiarazione dei redditi","og_url":"https:\/\/www.fondazionemariabonino.it\/fr\/des-dons\/","og_site_name":"Fondazione Maria Bonino","article_publisher":"https:\/\/www.facebook.com\/fondazionemariabonino\/","article_modified_time":"2021-05-03T08:18:57+00:00","og_image":[{"url":"http:\/\/www.fondazionemariabonino.it\/wp-content\/uploads\/2019\/08\/raccolta-fondi-facebook.jpg","type":"","width":"","height":""}],"twitter_card":"summary_large_image","twitter_site":"@fondmariabonino","twitter_misc":{"Dur\u00e9e de lecture estim\u00e9e":"8 minutes"},"schema":{"@context":"https:\/\/schema.org","@graph":[{"@type":"WebPage","@id":"https:\/\/www.fondazionemariabonino.it\/fr\/des-dons\/","url":"https:\/\/www.fondazionemariabonino.it\/fr\/des-dons\/","name":"Des dons - Fondazione Maria Bonino","isPartOf":{"@id":"https:\/\/www.fondazionemariabonino.it\/fr\/#website"},"primaryImageOfPage":{"@id":"https:\/\/www.fondazionemariabonino.it\/fr\/des-dons\/#primaryimage"},"image":{"@id":"https:\/\/www.fondazionemariabonino.it\/fr\/des-dons\/#primaryimage"},"thumbnailUrl":"http:\/\/www.fondazionemariabonino.it\/wp-content\/uploads\/2019\/08\/raccolta-fondi-facebook.jpg","datePublished":"2021-04-06T13:44:50+00:00","dateModified":"2021-05-03T08:18:57+00:00","description":"Scegli come sostenere la Fondazione Maria Bonino. Dona e conserva la ricevuta per ottenere gli sgravi fiscali con la dichiarazione dei redditi","breadcrumb":{"@id":"https:\/\/www.fondazionemariabonino.it\/fr\/des-dons\/#breadcrumb"},"inLanguage":"fr-FR","potentialAction":[{"@type":"ReadAction","target":["https:\/\/www.fondazionemariabonino.it\/fr\/des-dons\/"]}]},{"@type":"ImageObject","inLanguage":"fr-FR","@id":"https:\/\/www.fondazionemariabonino.it\/fr\/des-dons\/#primaryimage","url":"http:\/\/www.fondazionemariabonino.it\/wp-content\/uploads\/2019\/08\/raccolta-fondi-facebook.jpg","contentUrl":"http:\/\/www.fondazionemariabonino.it\/wp-content\/uploads\/2019\/08\/raccolta-fondi-facebook.jpg"},{"@type":"BreadcrumbList","@id":"https:\/\/www.fondazionemariabonino.it\/fr\/des-dons\/#breadcrumb","itemListElement":[{"@type":"ListItem","position":1,"name":"Home","item":"https:\/\/www.fondazionemariabonino.it\/fr\/"},{"@type":"ListItem","position":2,"name":"Des dons"}]},{"@type":"WebSite","@id":"https:\/\/www.fondazionemariabonino.it\/fr\/#website","url":"https:\/\/www.fondazionemariabonino.it\/fr\/","name":"Fondazione Maria Bonino","description":"Una vita per gli ultimi","publisher":{"@id":"https:\/\/www.fondazionemariabonino.it\/fr\/#organization"},"potentialAction":[{"@type":"SearchAction","target":{"@type":"EntryPoint","urlTemplate":"https:\/\/www.fondazionemariabonino.it\/fr\/?s={search_term_string}"},"query-input":{"@type":"PropertyValueSpecification","valueRequired":true,"valueName":"search_term_string"}}],"inLanguage":"fr-FR"},{"@type":"Organization","@id":"https:\/\/www.fondazionemariabonino.it\/fr\/#organization","name":"Fondazione Maria Bonino","url":"https:\/\/www.fondazionemariabonino.it\/fr\/","logo":{"@type":"ImageObject","inLanguage":"fr-FR","@id":"https:\/\/www.fondazionemariabonino.it\/fr\/#\/schema\/logo\/image\/","url":"https:\/\/www.fondazionemariabonino.it\/wp-content\/uploads\/2019\/12\/FMB-logo-2x.png","contentUrl":"https:\/\/www.fondazionemariabonino.it\/wp-content\/uploads\/2019\/12\/FMB-logo-2x.png","width":340,"height":240,"caption":"Fondazione Maria Bonino"},"image":{"@id":"https:\/\/www.fondazionemariabonino.it\/fr\/#\/schema\/logo\/image\/"},"sameAs":["https:\/\/www.facebook.com\/fondazionemariabonino\/","https:\/\/x.com\/fondmariabonino","https:\/\/www.instagram.com\/fondazionemariabonino\/","https:\/\/www.youtube.com\/channel\/UCzM8eHO_CuFKv0AfBUFvIrQ","https:\/\/it.wikipedia.org\/wiki\/Maria_Bonino"]}]}},"campaignId":"","_links":{"self":[{"href":"https:\/\/www.fondazionemariabonino.it\/fr\/wp-json\/wp\/v2\/pages\/3982","targetHints":{"allow":["GET"]}}],"collection":[{"href":"https:\/\/www.fondazionemariabonino.it\/fr\/wp-json\/wp\/v2\/pages"}],"about":[{"href":"https:\/\/www.fondazionemariabonino.it\/fr\/wp-json\/wp\/v2\/types\/page"}],"author":[{"embeddable":true,"href":"https:\/\/www.fondazionemariabonino.it\/fr\/wp-json\/wp\/v2\/users\/1"}],"replies":[{"embeddable":true,"href":"https:\/\/www.fondazionemariabonino.it\/fr\/wp-json\/wp\/v2\/comments?post=3982"}],"version-history":[{"count":5,"href":"https:\/\/www.fondazionemariabonino.it\/fr\/wp-json\/wp\/v2\/pages\/3982\/revisions"}],"predecessor-version":[{"id":4216,"href":"https:\/\/www.fondazionemariabonino.it\/fr\/wp-json\/wp\/v2\/pages\/3982\/revisions\/4216"}],"wp:attachment":[{"href":"https:\/\/www.fondazionemariabonino.it\/fr\/wp-json\/wp\/v2\/media?parent=3982"}],"curies":[{"name":"wp","href":"https:\/\/api.w.org\/{rel}","templated":true}]}}